{"id":10,"date":"2022-12-08T14:01:40","date_gmt":"2022-12-08T14:01:40","guid":{"rendered":"https:\/\/persianasnell.com\/?page_id=10"},"modified":"2026-03-18T08:50:39","modified_gmt":"2026-03-18T08:50:39","slug":"conozcanos","status":"publish","type":"page","link":"https:\/\/persianasnell.com\/index.php\/conozcanos\/","title":{"rendered":"Con\u00f3zcanos"},"content":{"rendered":"","protected":false},"excerpt":{"rendered":"","protected":false},"author":1,"featured_media":-1,"parent":0,"menu_order":0,"comment_status":"open","ping_status":"closed","template":"","meta":{"footnotes":""},"class_list":["post-10","page","type-page","status-publish","has-post-thumbnail","hentry"],"yoast_head":"<!-- This site is optimized with the Yoast SEO plugin v27.4 - https:\/\/yoast.com\/product\/yoast-seo-wordpress\/ -->\n<title>Con\u00f3zcanos - Persianas Nell<\/title>\n<meta name=\"description\" content=\"Descubre qui\u00e9nes somos en Persianas Nell: tradici\u00f3n, experiencia y un equipo profesional especializado en persianas, mosquiteras, toldos y automatizaci\u00f3n para tu hogar o negocio.\" \/>\n<meta name=\"robots\" content=\"index, follow, max-snippet:-1, max-image-preview:large, max-video-preview:-1\" \/>\n<link rel=\"canonical\" href=\"https:\/\/persianasnell.com\/index.php\/conozcanos\/\" \/>\n<meta property=\"og:locale\" content=\"es_ES\" \/>\n<meta property=\"og:type\" content=\"article\" \/>\n<meta property=\"og:title\" content=\"Con\u00f3zcanos - Persianas Nell\" \/>\n<meta property=\"og:description\" content=\"Descubre qui\u00e9nes somos en Persianas Nell: tradici\u00f3n, experiencia y un equipo profesional especializado en persianas, mosquiteras, toldos y automatizaci\u00f3n para tu hogar o negocio.\" \/>\n<meta property=\"og:url\" content=\"https:\/\/persianasnell.com\/index.php\/conozcanos\/\" \/>\n<meta property=\"og:site_name\" content=\"Persianas Nell\" \/>\n<meta property=\"article:modified_time\" content=\"2026-03-18T08:50:39+00:00\" \/>\n<meta name=\"twitter:card\" content=\"summary_large_image\" \/>\n<script type=\"application\/ld+json\" class=\"yoast-schema-graph\">{\"@context\":\"https:\\\/\\\/schema.org\",\"@graph\":[{\"@type\":\"WebPage\",\"@id\":\"https:\\\/\\\/persianasnell.com\\\/index.php\\\/conozcanos\\\/\",\"url\":\"https:\\\/\\\/persianasnell.com\\\/index.php\\\/conozcanos\\\/\",\"name\":\"Con\u00f3zcanos - Persianas Nell\",\"isPartOf\":{\"@id\":\"https:\\\/\\\/persianasnell.com\\\/#website\"},\"datePublished\":\"2022-12-08T14:01:40+00:00\",\"dateModified\":\"2026-03-18T08:50:39+00:00\",\"description\":\"Descubre qui\u00e9nes somos en Persianas Nell: tradici\u00f3n, experiencia y un equipo profesional especializado en persianas, mosquiteras, toldos y automatizaci\u00f3n para tu hogar o negocio.\",\"breadcrumb\":{\"@id\":\"https:\\\/\\\/persianasnell.com\\\/index.php\\\/conozcanos\\\/#breadcrumb\"},\"inLanguage\":\"es\",\"potentialAction\":[{\"@type\":\"ReadAction\",\"target\":[\"https:\\\/\\\/persianasnell.com\\\/index.php\\\/conozcanos\\\/\"]}]},{\"@type\":\"BreadcrumbList\",\"@id\":\"https:\\\/\\\/persianasnell.com\\\/index.php\\\/conozcanos\\\/#breadcrumb\",\"itemListElement\":[{\"@type\":\"ListItem\",\"position\":1,\"name\":\"Portada\",\"item\":\"https:\\\/\\\/persianasnell.com\\\/\"},{\"@type\":\"ListItem\",\"position\":2,\"name\":\"Con\u00f3zcanos\"}]},{\"@type\":\"WebSite\",\"@id\":\"https:\\\/\\\/persianasnell.com\\\/#website\",\"url\":\"https:\\\/\\\/persianasnell.com\\\/\",\"name\":\"Persianas Nell\",\"description\":\"Especialistas en mosquiteras y persianas\",\"potentialAction\":[{\"@type\":\"SearchAction\",\"target\":{\"@type\":\"EntryPoint\",\"urlTemplate\":\"https:\\\/\\\/persianasnell.com\\\/?s={search_term_string}\"},\"query-input\":{\"@type\":\"PropertyValueSpecification\",\"valueRequired\":true,\"valueName\":\"search_term_string\"}}],\"inLanguage\":\"es\"}]}<\/script>\n<!-- \/ Yoast SEO plugin. -->","yoast_head_json":{"title":"Con\u00f3zcanos - Persianas Nell","description":"Descubre qui\u00e9nes somos en Persianas Nell: tradici\u00f3n, experiencia y un equipo profesional especializado en persianas, mosquiteras, toldos y automatizaci\u00f3n para tu hogar o negocio.","robots":{"index":"index","follow":"follow","max-snippet":"max-snippet:-1","max-image-preview":"max-image-preview:large","max-video-preview":"max-video-preview:-1"},"canonical":"https:\/\/persianasnell.com\/index.php\/conozcanos\/","og_locale":"es_ES","og_type":"article","og_title":"Con\u00f3zcanos - Persianas Nell","og_description":"Descubre qui\u00e9nes somos en Persianas Nell: tradici\u00f3n, experiencia y un equipo profesional especializado en persianas, mosquiteras, toldos y automatizaci\u00f3n para tu hogar o negocio.","og_url":"https:\/\/persianasnell.com\/index.php\/conozcanos\/","og_site_name":"Persianas Nell","article_modified_time":"2026-03-18T08:50:39+00:00","twitter_card":"summary_large_image","schema":{"@context":"https:\/\/schema.org","@graph":[{"@type":"WebPage","@id":"https:\/\/persianasnell.com\/index.php\/conozcanos\/","url":"https:\/\/persianasnell.com\/index.php\/conozcanos\/","name":"Con\u00f3zcanos - Persianas Nell","isPartOf":{"@id":"https:\/\/persianasnell.com\/#website"},"datePublished":"2022-12-08T14:01:40+00:00","dateModified":"2026-03-18T08:50:39+00:00","description":"Descubre qui\u00e9nes somos en Persianas Nell: tradici\u00f3n, experiencia y un equipo profesional especializado en persianas, mosquiteras, toldos y automatizaci\u00f3n para tu hogar o negocio.","breadcrumb":{"@id":"https:\/\/persianasnell.com\/index.php\/conozcanos\/#breadcrumb"},"inLanguage":"es","potentialAction":[{"@type":"ReadAction","target":["https:\/\/persianasnell.com\/index.php\/conozcanos\/"]}]},{"@type":"BreadcrumbList","@id":"https:\/\/persianasnell.com\/index.php\/conozcanos\/#breadcrumb","itemListElement":[{"@type":"ListItem","position":1,"name":"Portada","item":"https:\/\/persianasnell.com\/"},{"@type":"ListItem","position":2,"name":"Con\u00f3zcanos"}]},{"@type":"WebSite","@id":"https:\/\/persianasnell.com\/#website","url":"https:\/\/persianasnell.com\/","name":"Persianas Nell","description":"Especialistas en mosquiteras y persianas","potentialAction":[{"@type":"SearchAction","target":{"@type":"EntryPoint","urlTemplate":"https:\/\/persianasnell.com\/?s={search_term_string}"},"query-input":{"@type":"PropertyValueSpecification","valueRequired":true,"valueName":"search_term_string"}}],"inLanguage":"es"}]}},"_links":{"self":[{"href":"https:\/\/persianasnell.com\/index.php\/wp-json\/wp\/v2\/pages\/10","targetHints":{"allow":["GET"]}}],"collection":[{"href":"https:\/\/persianasnell.com\/index.php\/wp-json\/wp\/v2\/pages"}],"about":[{"href":"https:\/\/persianasnell.com\/index.php\/wp-json\/wp\/v2\/types\/page"}],"author":[{"embeddable":true,"href":"https:\/\/persianasnell.com\/index.php\/wp-json\/wp\/v2\/users\/1"}],"replies":[{"embeddable":true,"href":"https:\/\/persianasnell.com\/index.php\/wp-json\/wp\/v2\/comments?post=10"}],"version-history":[{"count":2,"href":"https:\/\/persianasnell.com\/index.php\/wp-json\/wp\/v2\/pages\/10\/revisions"}],"predecessor-version":[{"id":246,"href":"https:\/\/persianasnell.com\/index.php\/wp-json\/wp\/v2\/pages\/10\/revisions\/246"}],"wp:featuredmedia":[{"embeddable":true,"href":"https:\/\/persianasnell.com\/index.php\/wp-json\/"}],"wp:attachment":[{"href":"https:\/\/persianasnell.com\/index.php\/wp-json\/wp\/v2\/media?parent=10"}],"curies":[{"name":"wp","href":"https:\/\/api.w.org\/{rel}","templated":true}]}}